{"id":2,"date":"2017-11-16T07:20:11","date_gmt":"2017-11-16T07:20:11","guid":{"rendered":"http:\/\/spagert.biz\/?page_id=2"},"modified":"2020-12-13T16:00:22","modified_gmt":"2020-12-13T16:00:22","slug":"sample-page","status":"publish","type":"page","link":"http:\/\/spagert.biz\/","title":{"rendered":"Willkommen"},"content":{"rendered":"<p>[vc_row][vc_column][\/vc_column][\/vc_row][vc_row type=&#8220;vc_default&#8220;][vc_column width=&#8220;1\/2&#8243;][vc_column_text]<\/p>\n<h2>Ludwig Spagert<\/h2>\n<h4>Schreinermeister<\/h4>\n<p><strong>\u2022 Beratung \u2022 Planung \u2022 Fertigung<\/strong>[\/vc_column_text][\/vc_column][vc_column width=&#8220;1\/2&#8243;][vc_column_text]<\/p>\n<h3>Schulstra\u00dfe 4 84092 Bayerbach bei Ergoldsbach<\/h3>\n<p><strong>Tel: <\/strong>08774 \/ 9691355 \u00a0 <strong>Fax: <\/strong>08774 \/ 9691357 \u00a0 <strong>Mobil:<\/strong> 0170 \/ 5435587\u00a0 info@spagert.biz \u00a0 <strong>www.spagert.biz<\/strong>[\/vc_column_text][\/vc_column][\/vc_row][vc_section][vc_row][vc_column width=&#8220;1\/4&#8243;][vc_single_image image=&#8220;96&#8243; img_size=&#8220;large&#8220;][\/vc_column][vc_column width=&#8220;3\/4&#8243;][vc_column_text]<strong>1979<\/strong> begann ich meine Schreinerkarriere als Auszubildender. Nach erfolgreich abgelegter Meisterpr\u00fcfung im Jahre 1990 wagte ich 1994 den Weg in die Selbst\u00e4ndigkeit.[\/vc_column_text][vc_column_text]Wir bieten keine M\u00f6bel von der Stange, sondern eingehende Beratung, einen abgestimmten Entwurf und Fertigung nach Ma\u00df mit modernsten Maschinen. Das Ergebnis ist eine hochwertige Wohnkultur, das die nat\u00fcrliche Sch\u00f6nheit, die Maserung und den Charakter der H\u00f6lzer optimal zur Wirkung bringt. Wir sind nicht nur Hersteller, sondern auch Designer. Die Produkte werden nach Ihren W\u00fcnschen gestaltet. Wer sich f\u00fcr ein echtes St\u00fcck Holz in den eigenen vier W\u00e4nden entscheidet, auf den wartet eine Vielfalt von verschiedenen Strukturen, Oberfl\u00e4chen und Farben. Ich als Fachmann kann Ihnen verschiedene H\u00f6lzer vorlegen und Besonderheiten erl\u00e4utern. Der intelligente Umgang mit Holz ist heute mehr denn je gefragt. In unserer Zeit ist es oberstes Gebot, die nat\u00fcrlichen Ressourcen dieses wertvollen Naturproduktes zu erhalten. Das Echtholzfurnier ist ein Beispiel f\u00fcr den sparsamen Umgang mit edlen H\u00f6lzern. Holz l\u00e4sst sich problemlos mit vielen Materialien kombinieren und verarbeiten.[\/vc_column_text][vc_column_text]Mit meiner Erfahrung und der jahrelangen Betriebszugeh\u00f6rigkeit meiner Mitarbeiter kann ich Ihre W\u00fcnsche und Ideen in die Tat umsetzen. \u00a0 Wir bieten individuell gefertigte Produkte in hochwertiger Verarbeitung! <strong>&#8211; Fachgerechte Montage inklusive &#8211;<\/strong>[\/vc_column_text][\/vc_column][\/vc_row][\/vc_section][vc_row][vc_column][vc_separator style=&#8220;shadow&#8220; border_width=&#8220;10&#8243;][\/vc_column][\/vc_row][vc_row][vc_column width=&#8220;1\/4&#8243;][vc_column_text]<\/p>\n<h2>Wohnen<\/h2>\n<p>[\/vc_column_text][vc_masonry_media_grid initial_loading_animation=&#8220;fadeIn&#8220; grid_id=&#8220;vc_gid:1607872394159-1dd6bb71-fa6a-2&#8243; include=&#8220;147,146,151,47,155,156,34,157&#8243;][\/vc_column][vc_column width=&#8220;1\/4&#8243;][vc_column_text]<\/p>\n<h2>K\u00fcchen<\/h2>\n<p>[\/vc_column_text][vc_masonry_media_grid initial_loading_animation=&#8220;fadeIn&#8220; grid_id=&#8220;vc_gid:1607872394162-0ec3ac38-3308-3&#8243; include=&#8220;51,36,29,141,171,170,169&#8243;][\/vc_column][vc_column width=&#8220;1\/4&#8243;][vc_column_text]<\/p>\n<h2>Treppen<\/h2>\n<p>[\/vc_column_text][vc_masonry_media_grid initial_loading_animation=&#8220;fadeIn&#8220; grid_id=&#8220;vc_gid:1607872394164-dbff6a66-d48e-3&#8243; include=&#8220;50,49,28,173,175,174,176,21&#8243;][\/vc_column][vc_column width=&#8220;1\/4&#8243;][vc_column_text]<\/p>\n<h2>T\u00fcren<\/h2>\n<p>[\/vc_column_text][vc_masonry_media_grid initial_loading_animation=&#8220;fadeIn&#8220; grid_id=&#8220;vc_gid:1607872394167-dded297a-dc58-8&#8243; include=&#8220;44,43,42,26,25,166,167,172&#8243;][\/vc_column][\/vc_row][vc_row][vc_column][vc_separator style=&#8220;shadow&#8220; border_width=&#8220;10&#8243;][vc_gmaps link=&#8220;#E-8_JTNDaWZyYW1lJTIwc3JjJTNEJTIyaHR0cHMlM0ElMkYlMkZ3d3cuZ29vZ2xlLmNvbSUyRm1hcHMlMkZlbWJlZCUzRnBiJTNEJTIxMW0xNCUyMTFtOCUyMTFtMyUyMTFkMTA1MzEuNDM3NzU5MjMzNCUyMTJkMTIuMjk4MDI4NyUyMTNkNDguNzA4MTY3NSUyMTNtMiUyMTFpMTAyNCUyMTJpNzY4JTIxNGYxMy4xJTIxM20zJTIxMW0yJTIxMXMweDAlMjUzQTB4ZTc1ZmVmODEzYTdmZDhkYyUyMTJzU3BhZ2VydCUyQkx1ZHdpZyUyMTVlMCUyMTNtMiUyMTFzZGUlMjEyc2RlJTIxNHYxNTEwOTI0MjA3OTUyJTIyJTIwd2lkdGglM0QlMjI2MDAlMjIlMjBoZWlnaHQlM0QlMjI0NTAlMjIlMjBmcmFtZWJvcmRlciUzRCUyMjAlMjIlMjBzdHlsZSUzRCUyMmJvcmRlciUzQTAlMjIlMjBhbGxvd2Z1bGxzY3JlZW4lM0UlM0MlMkZpZnJhbWUlM0U=&#8220; size=&#8220;1920&#215;540&#8243; title=&#8220;Schreinerei&#8220;][\/vc_column][\/vc_row][vc_section][vc_row][vc_column][\/vc_column][\/vc_row][\/vc_section]<\/p>\n","protected":false},"excerpt":{"rendered":"<p>[vc_row][vc_column][\/vc_column][\/vc_row][vc_row type=&#8220;vc_default&#8220;][vc_column width=&#8220;1\/2&#8243;][vc_column_text] Ludwig Spagert Schreinermeister \u2022 Beratung \u2022 Planung \u2022 Fertigung[\/vc_column_text][\/vc_column][vc_column width=&#8220;1\/2&#8243;][vc_column_text] Schulstra\u00dfe 4 84092 Bayerbach bei Ergoldsbach Tel: 08774 \/ 9691355 \u00a0 Fax: 08774 \/ 9691357 \u00a0 Mobil: 0170 \/ 5435587\u00a0 info@spagert.biz \u00a0 www.spagert.biz[\/vc_column_text][\/vc_column][\/vc_row][vc_section][vc_row][vc_column width=&#8220;1\/4&#8243;][vc_single_image image=&#8220;96&#8243; img_size=&#8220;large&#8220;][\/vc_column][vc_column width=&#8220;3\/4&#8243;][vc_column_text]1979 begann ich meine Schreinerkarriere als Auszubildender. Nach erfolgreich abgelegter Meisterpr\u00fcfung im Jahre 1990 wagte ich&hellip;<\/p>\n","protected":false},"author":1,"featured_media":0,"parent":0,"menu_order":0,"comment_status":"closed","ping_status":"closed","template":"","meta":{"footnotes":""},"class_list":["post-2","page","type-page","status-publish","hentry","description-off"],"_links":{"self":[{"href":"http:\/\/spagert.biz\/index.php\/wp-json\/wp\/v2\/pages\/2","targetHints":{"allow":["GET"]}}],"collection":[{"href":"http:\/\/spagert.biz\/index.php\/wp-json\/wp\/v2\/pages"}],"about":[{"href":"http:\/\/spagert.biz\/index.php\/wp-json\/wp\/v2\/types\/page"}],"author":[{"embeddable":true,"href":"http:\/\/spagert.biz\/index.php\/wp-json\/wp\/v2\/users\/1"}],"replies":[{"embeddable":true,"href":"http:\/\/spagert.biz\/index.php\/wp-json\/wp\/v2\/comments?post=2"}],"version-history":[{"count":60,"href":"http:\/\/spagert.biz\/index.php\/wp-json\/wp\/v2\/pages\/2\/revisions"}],"predecessor-version":[{"id":178,"href":"http:\/\/spagert.biz\/index.php\/wp-json\/wp\/v2\/pages\/2\/revisions\/178"}],"wp:attachment":[{"href":"http:\/\/spagert.biz\/index.php\/wp-json\/wp\/v2\/media?parent=2"}],"curies":[{"name":"wp","href":"https:\/\/api.w.org\/{rel}","templated":true}]}}